{"id":27805,"date":"2022-01-18T15:18:25","date_gmt":"2022-01-18T14:18:25","guid":{"rendered":"https:\/\/www.visitgastroh.com\/avis-juridique\/"},"modified":"2022-01-18T15:18:25","modified_gmt":"2022-01-18T14:18:25","slug":"avis-juridique","status":"publish","type":"page","link":"https:\/\/www.visitgastroh.com\/fr\/avis-juridique\/","title":{"rendered":"Avis juridique"},"content":{"rendered":"<h3>MENTIONS L\u00c9GALES ET CONDITIONS G\u00c9N\u00c9RALES D&#8217;UTILISATION<\/h3>\n<ul>\n<li aria-level=\"4\"><b><i>https:\/\/www.visitgastroh.com\/<\/i><\/b><\/li>\n<\/ul>\n<h4>I. INFORMATIONS G\u00c9N\u00c9RALES<\/h4>\n<p>Conform\u00e9ment au devoir d&#8217;information pr\u00e9vu par la loi 34\/2002 sur les services de la soci\u00e9t\u00e9 de l&#8217;information et du commerce \u00e9lectronique (LSSI-CE) du 11 juillet, les donn\u00e9es d&#8217;information g\u00e9n\u00e9rales suivantes de ce site sont fournies ci-dessous :<\/p>\n<p>La propri\u00e9t\u00e9 de ce site internet, https:\/\/www.visitgastroh.com\/, (ci-apr\u00e8s, le Site) est d\u00e9tenue par : GATURI, avec NIF : , et dont les coordonn\u00e9es sont :<\/p>\n<p>Adresse:<\/p>\n<p>T\u00e9l\u00e9phone de contact:<\/p>\n<p>Email du contact:<\/p>\n<h4>II. CONDITIONS G\u00c9N\u00c9RALES D&#8217;UTILISATION<\/h4>\n<h5><b><i>Objet des conditions : Le Site<\/i><\/b><\/h5>\n<p>Les pr\u00e9sentes Conditions G\u00e9n\u00e9rales d&#8217;Utilisation (ci-apr\u00e8s, les Conditions) ont pour objet de r\u00e9glementer l&#8217;acc\u00e8s et l&#8217;utilisation du Site. Aux fins des pr\u00e9sentes Conditions, le Site Internet sera compris comme : l&#8217;aspect ext\u00e9rieur des interfaces \u00e9cran, tant de mani\u00e8re statique que dynamique, c&#8217;est-\u00e0-dire l&#8217;arborescence de navigation ; et tous les \u00e9l\u00e9ments int\u00e9gr\u00e9s tant dans les interfaces \u00e9crans que dans l&#8217;arborescence de navigation (ci-apr\u00e8s, Contenus) et tous les services ou ressources en ligne qui, le cas \u00e9ch\u00e9ant, sont propos\u00e9s aux Utilisateurs (ci-apr\u00e8s, Services).<\/p>\n<p>Visitez GastOH! se r\u00e9serve le droit de modifier, \u00e0 tout moment et sans pr\u00e9avis, la pr\u00e9sentation et la configuration du Site ainsi que les Contenus et Services qui pourraient y \u00eatre inclus. L&#8217;Utilisateur reconna\u00eet et accepte qu&#8217;\u00e0 tout moment Visit GastOH! peut interrompre, d\u00e9sactiver et\/ou annuler l&#8217;un quelconque de ces \u00e9l\u00e9ments qui sont int\u00e9gr\u00e9s au Site ou l&#8217;acc\u00e8s \u00e0 celui-ci.<\/p>\n<p>L&#8217;acc\u00e8s au Site Internet par l&#8217;Utilisateur est gratuit et, en r\u00e8gle g\u00e9n\u00e9rale, est gratuit sans que l&#8217;Utilisateur n&#8217;ait \u00e0 fournir une contrepartie pour pouvoir en profiter, sauf en ce qui concerne le co\u00fbt de la connexion par le r\u00e9seau de t\u00e9l\u00e9communication fourni par l&#8217;acc\u00e8s. fournisseur contract\u00e9 par l&#8217;Utilisateur.<\/p>\n<p>L&#8217;utilisation du Contenu ne n\u00e9cessite aucun abonnement ou enregistrement pr\u00e9alable.<\/p>\n<h5><b><i>Utilisateur<\/i><\/b><\/h5>\n<p>L&#8217;acc\u00e8s, la navigation et l&#8217;utilisation du site Web conf\u00e8rent la condition d&#8217;utilisateur, pour laquelle toutes les conditions \u00e9tablies ici, ainsi que leurs modifications ult\u00e9rieures, sont accept\u00e9es \u00e0 partir du moment o\u00f9 la navigation sur le site Web commence, sans pr\u00e9judice de l&#8217;application de la r\u00e9glementations l\u00e9gales obligatoires correspondantes, le cas \u00e9ch\u00e9ant. Compte tenu de la pertinence de ce qui pr\u00e9c\u00e8de, il est recommand\u00e9 \u00e0 l&#8217;Utilisateur de les lire \u00e0 chaque visite sur le Site.<\/p>\n<p>La visite GastOH! fournit une grande vari\u00e9t\u00e9 d&#8217;informations, de services et de donn\u00e9es. L&#8217;utilisateur assume sa responsabilit\u00e9 d&#8217;utiliser correctement le site Web. Cette responsabilit\u00e9 s&#8217;\u00e9tendra \u00e0 :<\/p>\n<ul>\n<li aria-level=\"1\">Une utilisation des informations, Contenus et\/ou Services et donn\u00e9es propos\u00e9s par Visit GastOH! sans \u00eatre contraire aux dispositions des pr\u00e9sentes Conditions, \u00e0 la loi, aux bonnes m\u0153urs ou \u00e0 l&#8217;ordre public, ou qui, de toute autre mani\u00e8re, pourrait entra\u00eener une atteinte aux droits de tiers ou au fonctionnement du site Web lui-m\u00eame.<\/li>\n<li aria-level=\"1\">La v\u00e9racit\u00e9 et la lic\u00e9it\u00e9 des informations fournies par l&#8217;Utilisateur dans les formulaires \u00e9mis par Visit GastOH! pour acc\u00e9der \u00e0 certains Contenus ou Services propos\u00e9s par le Site. Dans tous les cas, l&#8217;Utilisateur avertira imm\u00e9diatement Visit GastOH! de tout fait permettant l&#8217;utilisation abusive des informations enregistr\u00e9es dans lesdits formulaires, tels que, mais pas seulement, le vol, la perte ou l&#8217;acc\u00e8s non autoris\u00e9 aux identifiants et \/ ou mots de passe, afin de proc\u00e9der \u00e0 leur annulation imm\u00e9diate .<\/li>\n<\/ul>\n<p>Le simple acc\u00e8s \u00e0 ce site Web n&#8217;implique pas l&#8217;\u00e9tablissement d&#8217;un quelconque type de relation commerciale entre Visit GastOH! et l&#8217;Utilisateur.<\/p>\n<p>Toujours dans le respect de la l\u00e9gislation en vigueur, ce Visit GastOH! Elles s&#8217;adressent \u00e0 toutes les personnes, quel que soit leur \u00e2ge, pouvant acc\u00e9der et\/ou parcourir les pages du Site.<\/p>\n<h4>III. ACC\u00c8S ET NAVIGATION SUR LE SITE : EXCLUSION DE GARANTIES ET DE RESPONSABILIT\u00c9<\/h4>\n<p>Visitez GastOH! ne garantit pas la continuit\u00e9, la disponibilit\u00e9 et l&#8217;utilit\u00e9 du Site, ni des Contenus ou des Services. Visitez GastOH! fera tout son possible pour le bon fonctionnement du site Web, cependant, il n&#8217;est pas responsable ou garantit que l&#8217;acc\u00e8s \u00e0 ce site Web ne sera pas ininterrompu ou sans erreur.<\/p>\n<p>Il n&#8217;est pas non plus responsable ni ne garantit que le contenu ou les logiciels accessibles via ce site Web sont exempts d&#8217;erreurs ou causent des dommages au syst\u00e8me informatique de l&#8217;utilisateur (logiciels et mat\u00e9riel). En aucun cas Visitez GastOH! sera responsable des pertes, dommages ou pr\u00e9judices de toute nature r\u00e9sultant de l&#8217;acc\u00e8s, de la navigation et de l&#8217;utilisation du Site, y compris, mais sans s&#8217;y limiter, ceux caus\u00e9s aux syst\u00e8mes informatiques ou ceux caus\u00e9s par l&#8217;introduction de virus.<\/p>\n<p>Visitez GastOH! Il n&#8217;est pas non plus responsable des dommages qui pourraient \u00eatre caus\u00e9s aux utilisateurs en raison d&#8217;une mauvaise utilisation de ce site Web. En particulier, il n&#8217;est en aucun cas responsable des chutes, interruptions, manque ou d\u00e9faut des t\u00e9l\u00e9communications qui pourraient survenir.<\/p>\n<h4>IV. POLITIQUE DES LIENS<\/h4>\n<p>Il est rapport\u00e9 que le Visit GastOH! met ou peut mettre \u00e0 la disposition des Utilisateurs des moyens de liens (tels que, entre autres, des liens, des banni\u00e8res, des boutons), des r\u00e9pertoires et des moteurs de recherche permettant aux Utilisateurs d&#8217;acc\u00e9der \u00e0 des sites Internet appartenant \u00e0 et\/ou g\u00e9r\u00e9s par des tiers.<\/p>\n<p>La mise en place de ces liens, annuaires et moteurs de recherche sur le Site est destin\u00e9e \u00e0 faciliter la recherche et l&#8217;acc\u00e8s des Utilisateurs aux informations disponibles sur Internet, sans \u00eatre consid\u00e9r\u00e9e comme une suggestion, recommandation ou invitation \u00e0 les visiter.<\/p>\n<p>Visitez GastOH! n&#8217;offre ni ne commercialise, par lui-m\u00eame ou par l&#8217;interm\u00e9diaire de tiers, les produits et\/ou services disponibles sur lesdits sites li\u00e9s.<\/p>\n<p>Visitez GastOH! propose du contenu sponsoris\u00e9, des publicit\u00e9s et\/ou des liens d&#8217;affiliation. Les informations qui apparaissent dans ces liens d&#8217;affiliation ou les annonces ins\u00e9r\u00e9es sont fournies par les annonceurs eux-m\u00eames, alors visitez GastOH! n&#8217;est pas responsable des \u00e9ventuelles inexactitudes ou erreurs que les annonces peuvent contenir, ni ne garantit en aucune mani\u00e8re l&#8217;exp\u00e9rience, l&#8217;int\u00e9grit\u00e9 ou la responsabilit\u00e9 des annonceurs ou la qualit\u00e9 de leurs produits et\/ou services.<\/p>\n<p>De m\u00eame, il ne garantira pas la disponibilit\u00e9 technique, l&#8217;exactitude, la v\u00e9racit\u00e9, la validit\u00e9 ou la l\u00e9galit\u00e9 des sites ext\u00e9rieurs \u00e0 sa propri\u00e9t\u00e9 accessibles via les liens.<\/p>\n<p>Visitez GastOH! En aucun cas, il n&#8217;examinera ou ne contr\u00f4lera le contenu d&#8217;autres sites Web, ni n&#8217;approuvera, n&#8217;examinera ou n&#8217;approuvera les produits et services, le contenu, les fichiers et tout autre mat\u00e9riel existant dans les sites li\u00e9s susmentionn\u00e9s.<\/p>\n<p>Visitez GastOH! n&#8217;assume aucune responsabilit\u00e9 pour les dommages pouvant \u00eatre caus\u00e9s par l&#8217;acc\u00e8s, l&#8217;utilisation, la qualit\u00e9 ou la l\u00e9galit\u00e9 des contenus, communications, opinions, produits et services des sites Web non g\u00e9r\u00e9s par Visit GastOH! et qui sont li\u00e9s sur ce site Web.<\/p>\n<p>L&#8217;Utilisateur ou un tiers qui \u00e9tablit un lien hypertexte \u00e0 partir d&#8217;une page Web d&#8217;un autre site Web diff\u00e9rent vers le site Visit GastOH! tu devrais savoir \u00e7a:<\/p>\n<p>La reproduction \u2014totale ou partielle\u2014 de l&#8217;un quelconque des Contenus et\/ou Services du Site n&#8217;est pas autoris\u00e9e sans l&#8217;autorisation expresse de Visit GastOH!.<\/p>\n<p>Aucune d\u00e9claration fausse, inexacte ou incorrecte sur le site Web Visit GastOH!, ni sur son contenu et\/ou ses services n&#8217;est autoris\u00e9e.<\/p>\n<p>\u00c0 l&#8217;exception du lien hypertexte, le site Web sur lequel ledit lien hypertexte est \u00e9tabli ne contiendra aucun \u00e9l\u00e9ment de ce site Web, prot\u00e9g\u00e9 en tant que propri\u00e9t\u00e9 intellectuelle par le syst\u00e8me juridique espagnol, sauf autorisation expresse de Visit GastOH!.<\/p>\n<p>La mise en place du lien hypertexte n&#8217;impliquera pas l&#8217;existence de relations entre Visit GastOH! et le propri\u00e9taire du site Web \u00e0 partir duquel il est r\u00e9alis\u00e9, ni la connaissance et l&#8217;acceptation de Visit GastOH! des contenus, services et\/ou activit\u00e9s propos\u00e9s sur ledit site, et inversement.<\/p>\n<h4>V. PROPRI\u00c9T\u00c9 INTELLECTUELLE ET INDUSTRIELLE<\/h4>\n<p>Visitez GastOH! par lui-m\u00eame ou en qualit\u00e9 de cessionnaire, est propri\u00e9taire de tous les droits de propri\u00e9t\u00e9 intellectuelle et industrielle du Site, ainsi que des \u00e9l\u00e9ments qui y sont contenus (\u00e0 titre indicatif et non exhaustif, images, sons, audio, vid\u00e9o, logiciels ou textes, marques ou logos, combinaisons de couleurs, structure et design, s\u00e9lection des mat\u00e9riaux utilis\u00e9s, programmes informatiques n\u00e9cessaires \u00e0 son fonctionnement, acc\u00e8s et utilisation, etc.). Ce seront donc des \u0153uvres prot\u00e9g\u00e9es en tant que propri\u00e9t\u00e9 intellectuelle par le syst\u00e8me juridique espagnol, leur \u00e9tant applicables \u00e0 la fois la r\u00e9glementation espagnole et communautaire dans ce domaine, ainsi que les trait\u00e9s internationaux relatifs \u00e0 la mati\u00e8re et sign\u00e9s par l&#8217;Espagne.<\/p>\n<p>Tous droits r\u00e9serv\u00e9s. En vertu des dispositions de la loi sur la propri\u00e9t\u00e9 intellectuelle, la reproduction, la distribution et la communication publique, y compris le mode de mise \u00e0 disposition, de tout ou partie du contenu de ce site Web, \u00e0 des fins commerciales, sont express\u00e9ment interdites sur tout support et par tout moyen technique, sans l&#8217;autorisation de Visit GastOH!.<\/p>\n<p>L&#8217;Utilisateur s&#8217;engage \u00e0 respecter les droits de propri\u00e9t\u00e9 intellectuelle et industrielle de Visit GastOH!. Vous pouvez visualiser les \u00e9l\u00e9ments du Site ou encore les imprimer, les copier et les stocker sur le disque dur de votre ordinateur ou sur tout autre support physique pourvu que ce soit exclusivement pour votre usage personnel. L&#8217;Utilisateur ne peut cependant pas supprimer, modifier ou manipuler tout dispositif de protection ou syst\u00e8me de s\u00e9curit\u00e9 qui a \u00e9t\u00e9 install\u00e9 sur le Site Web.<\/p>\n<p>Dans le cas o\u00f9 l&#8217;Utilisateur ou un tiers consid\u00e8rerait que l&#8217;un des Contenus du Site Web suppose une violation des droits de protection de la propri\u00e9t\u00e9 intellectuelle, il doit en informer imm\u00e9diatement Visit GastOH! via les informations de contact dans la section INFORMATIONS G\u00c9N\u00c9RALES des pr\u00e9sentes Mentions L\u00e9gales et Conditions G\u00e9n\u00e9rales d&#8217;Utilisation.<\/p>\n<h4>VU. ACTIONS JURIDIQUES, L\u00c9GISLATION APPLICABLE ET JURIDICTION<\/h4>\n<p>Visitez GastOH! se r\u00e9serve le droit d&#8217;engager les actions civiles ou p\u00e9nales qu&#8217;elle juge n\u00e9cessaires pour l&#8217;utilisation abusive du Site et des Contenus, ou pour la violation des pr\u00e9sentes Conditions.<\/p>\n<p>La relation entre l&#8217;Utilisateur et Visit GastOH! Il sera r\u00e9gi par la r\u00e9glementation en vigueur et applicable sur le territoire espagnol. En cas de controverse relative \u00e0 l&#8217;interpr\u00e9tation et\/ou \u00e0 l&#8217;application des pr\u00e9sentes Conditions, les parties soumettront leurs conflits \u00e0 la juridiction ordinaire, en se soumettant aux juges et tribunaux correspondants conform\u00e9ment \u00e0 la loi.<\/p>\n<p>Le pr\u00e9sent document de Mentions L\u00e9gales et Conditions G\u00e9n\u00e9rales d&#8217;Utilisation du site a \u00e9t\u00e9 cr\u00e9\u00e9 via le g\u00e9n\u00e9rateur <a href=\"https:\/\/legales.zimrre.com\/\">de mod\u00e8les de mentions l\u00e9gales et conditions d&#8217;utilisation<\/a> en ligne le 16\/07\/2021.<\/p>\n","protected":false},"excerpt":{"rendered":"<p>MENTIONS L\u00c9GALES ET CONDITIONS G\u00c9N\u00c9RALES D&#8217;UTILISATION https:\/\/www.visitgastroh.com\/ I. INFORMATIONS G\u00c9N\u00c9RALES Conform\u00e9ment au devoir d&#8217;information pr\u00e9vu par la loi 34\/2002 sur les services de la soci\u00e9t\u00e9 de l&#8217;information et du commerce&#8230;<\/p>\n","protected":false},"author":1,"featured_media":0,"parent":0,"menu_order":0,"comment_status":"closed","ping_status":"closed","template":"","meta":{"footnotes":""},"class_list":["post-27805","page","type-page","status-publish"],"_links":{"self":[{"href":"https:\/\/www.visitgastroh.com\/fr\/wp-json\/wp\/v2\/pages\/27805","targetHints":{"allow":["GET"]}}],"collection":[{"href":"https:\/\/www.visitgastroh.com\/fr\/wp-json\/wp\/v2\/pages"}],"about":[{"href":"https:\/\/www.visitgastroh.com\/fr\/wp-json\/wp\/v2\/types\/page"}],"author":[{"embeddable":true,"href":"https:\/\/www.visitgastroh.com\/fr\/wp-json\/wp\/v2\/users\/1"}],"replies":[{"embeddable":true,"href":"https:\/\/www.visitgastroh.com\/fr\/wp-json\/wp\/v2\/comments?post=27805"}],"version-history":[{"count":0,"href":"https:\/\/www.visitgastroh.com\/fr\/wp-json\/wp\/v2\/pages\/27805\/revisions"}],"wp:attachment":[{"href":"https:\/\/www.visitgastroh.com\/fr\/wp-json\/wp\/v2\/media?parent=27805"}],"curies":[{"name":"wp","href":"https:\/\/api.w.org\/{rel}","templated":true}]}}