{"id":14275,"date":"2021-11-08T11:48:26","date_gmt":"2021-11-08T10:48:26","guid":{"rendered":"https:\/\/www.visitgastroh.com\/politica-de-privacidad\/"},"modified":"2022-04-21T08:44:08","modified_gmt":"2022-04-21T06:44:08","slug":"politique-de-confidentialite","status":"publish","type":"page","link":"https:\/\/www.visitgastroh.com\/fr\/politique-de-confidentialite\/","title":{"rendered":"Politique de confidentialit\u00e9"},"content":{"rendered":"<h3>POLITIQUE DE CONFIDENTIALIT\u00c9 DU SITE WEB<br \/>\nhttps:\/\/www.visitgastroh.com\/<\/h3>\n<p>I. POLITIQUE DE CONFIDENTIALIT\u00c9 ET PROTECTION DES DONN\u00c9ES<\/p>\n<p>Dans le respect des dispositions de la l\u00e9gislation en vigueur, Visitez GastroOH! (ci-apr\u00e8s, \u00e9galement Site Web) s&#8217;engage \u00e0 adopter les mesures techniques et organisationnelles n\u00e9cessaires, en fonction du niveau de s\u00e9curit\u00e9 appropri\u00e9 au risque des donn\u00e9es collect\u00e9es.<\/p>\n<h4>Lois incorpor\u00e9es dans cette politique de confidentialit\u00e9<\/h4>\n<p>Cette politique de confidentialit\u00e9 est adapt\u00e9e aux r\u00e9glementations espagnoles et europ\u00e9ennes en vigueur concernant la protection des donn\u00e9es personnelles sur Internet. Concr\u00e8tement, il respecte les r\u00e8gles suivantes :<\/p>\n<ul>\n<li>R\u00e8glement (UE) 2016\/679 du Parlement europ\u00e9en et du Conseil du 27 avril 2016 relatif \u00e0 la protection des personnes physiques \u00e0 l&#8217;\u00e9gard du traitement des donn\u00e9es \u00e0 caract\u00e8re personnel et \u00e0 la libre circulation de ces donn\u00e9es (RGPD).<\/li>\n<li>Loi organique 3\/2018, du 5 d\u00e9cembre, sur la protection des donn\u00e9es personnelles et la garantie des droits num\u00e9riques (LOPD-GDD).<\/li>\n<li>D\u00e9cret royal 1720\/2007, du 21 d\u00e9cembre, qui approuve le r\u00e8glement pour le d\u00e9veloppement de la loi organique 15\/1999, du 13 d\u00e9cembre, sur la protection des donn\u00e9es personnelles (RDLOPD).<\/li>\n<li>Loi 34\/2002 du 11 juillet sur les services de la soci\u00e9t\u00e9 de l&#8217;information et du commerce \u00e9lectronique (LSSI-CE).<\/li>\n<\/ul>\n<h4>Identit\u00e9 du responsable du traitement des donn\u00e9es personnelles<\/h4>\n<p>Adresse:<\/p>\n<p>T\u00e9l\u00e9phone de contact:<\/p>\n<p>Courriel de contact : info@www.visitgastroh.com<\/p>\n<h4>Enregistrement des donn\u00e9es personnelles<\/h4>\n<p>Conform\u00e9ment aux dispositions du RGPD et de la LOPD-GDD, nous vous informons que les donn\u00e9es personnelles collect\u00e9es par Visit GastrOH!, \u00e0 travers les formulaires \u00e9tendus sur ses pages, seront incorpor\u00e9es et seront trait\u00e9es dans notre fichier afin de pouvoir pour faciliter, acc\u00e9l\u00e9rer et remplir les engagements \u00e9tablis entre Visit GastroH! et l&#8217;Utilisateur ou le maintien de la relation \u00e9tablie dans les formulaires qu&#8217;il remplit, ou pour r\u00e9pondre \u00e0 une demande ou une requ\u00eate de la part de celui-ci. De m\u00eame, conform\u00e9ment aux dispositions du RGPD et de la LOPD-GDD, sauf exception pr\u00e9vue \u00e0 l&#8217;article 30.5 du RGPD, il est tenu un registre des activit\u00e9s de traitement qui pr\u00e9cise, selon ses finalit\u00e9s, les activit\u00e9s de traitement r\u00e9alis\u00e9es et les autres circonstances \u00e9tablies dans le RGPD.<\/p>\n<h4>Principes applicables au traitement des donn\u00e9es personnelles<\/h4>\n<p>Le traitement des donn\u00e9es personnelles de l&#8217;utilisateur sera soumis aux principes suivants contenus dans l&#8217;article 5 du RGPD et dans l&#8217;article 4 et suivants de la loi organique 3\/2018, du 5 d\u00e9cembre, sur la protection des donn\u00e9es personnelles et la garantie des droits num\u00e9riques :<\/p>\n<ul>\n<li>Principe de l\u00e9galit\u00e9, loyaut\u00e9 et transparence : le consentement de l&#8217;Utilisateur sera requis \u00e0 tout moment avant une information en toute transparence sur les finalit\u00e9s pour lesquelles les donn\u00e9es personnelles sont collect\u00e9es.<\/li>\n<li>Principe de limitation des finalit\u00e9s : les donn\u00e9es personnelles seront collect\u00e9es pour des finalit\u00e9s d\u00e9termin\u00e9es, explicites et l\u00e9gitimes.<\/li>\n<li>Principe de minimisation des donn\u00e9es : les donn\u00e9es personnelles collect\u00e9es ne seront que strictement n\u00e9cessaires au regard des finalit\u00e9s pour lesquelles elles sont trait\u00e9es.<\/li>\n<li>Principe d&#8217;exactitude : les donn\u00e9es personnelles doivent \u00eatre exactes et toujours mises \u00e0 jour.<\/li>\n<li>Principe de limitation de la dur\u00e9e de conservation : les donn\u00e9es personnelles ne seront conserv\u00e9es de mani\u00e8re permettant l&#8217;identification de l&#8217;Utilisateur que pendant le temps n\u00e9cessaire aux finalit\u00e9s de leur traitement.<\/li>\n<li>Principe d&#8217;int\u00e9grit\u00e9 et de confidentialit\u00e9 : les donn\u00e9es personnelles seront trait\u00e9es de mani\u00e8re \u00e0 garantir leur s\u00e9curit\u00e9 et leur confidentialit\u00e9.<\/li>\n<li>Principe de responsabilit\u00e9 proactive : le responsable du traitement des donn\u00e9es sera charg\u00e9 de veiller \u00e0 ce que les principes ci-dessus soient respect\u00e9s.<\/li>\n<\/ul>\n<h4>Cat\u00e9gories de donn\u00e9es personnelles<\/h4>\n<p>Les cat\u00e9gories de donn\u00e9es qui sont trait\u00e9es dans Visit GastroH! Ce ne sont que des donn\u00e9es d&#8217;identification. En aucun cas des cat\u00e9gories particuli\u00e8res de donn\u00e9es personnelles ne sont trait\u00e9es au sens de l&#8217;article 9 du RGPD.<\/p>\n<h4>Base juridique du traitement des donn\u00e9es personnelles<\/h4>\n<p>La base juridique du traitement des donn\u00e9es personnelles est le consentement. Visitez GastroOH! s&#8217;engage \u00e0 obtenir le consentement expr\u00e8s et v\u00e9rifiable de l&#8217;Utilisateur pour le traitement de ses donn\u00e9es personnelles pour une ou plusieurs finalit\u00e9s d\u00e9termin\u00e9es.<\/p>\n<p>L&#8217;Utilisateur a le droit de retirer son consentement \u00e0 tout moment. Il sera aussi facile de retirer son consentement que de le donner. En r\u00e8gle g\u00e9n\u00e9rale, le retrait du consentement ne conditionnera pas l&#8217;utilisation du Site.<\/p>\n<p>Dans les occasions o\u00f9 l&#8217;utilisateur doit ou peut fournir ses donn\u00e9es par le biais de formulaires pour faire des demandes de renseignements, demander des informations ou pour des raisons li\u00e9es au contenu du site Web, il sera inform\u00e9 si la r\u00e9alisation de l&#8217;un d&#8217;entre eux est obligatoire car ils sont essentiels pour le bon d\u00e9roulement de l&#8217;op\u00e9ration r\u00e9alis\u00e9e.<\/p>\n<h4>Finalit\u00e9s du traitement auquel sont destin\u00e9es les donn\u00e9es personnelles<\/h4>\n<p>Les donn\u00e9es personnelles sont collect\u00e9es et g\u00e9r\u00e9es par Visit GastroH! dans le but de pouvoir faciliter, acc\u00e9l\u00e9rer et remplir les engagements \u00e9tablis entre le Site Web et l&#8217;Utilisateur ou le maintien de la relation \u00e9tablie dans les formulaires que ce dernier remplit ou pour r\u00e9pondre \u00e0 une demande ou une requ\u00eate.<\/p>\n<p>De m\u00eame, les donn\u00e9es pourront \u00eatre utilis\u00e9es dans un but commercial de personnalisation, op\u00e9rationnel et statistique, et des activit\u00e9s de l&#8217;objet social de Visit GastrOH!, ainsi que pour l&#8217;extraction, le stockage de donn\u00e9es et des \u00e9tudes marketing pour adapter le Contenu propos\u00e9 \u00e0 l&#8217;Utilisateur, ainsi que d&#8217;am\u00e9liorer la qualit\u00e9, le fonctionnement et la navigation du Site.<\/p>\n<p>Au moment de l&#8217;obtention des donn\u00e9es personnelles, l&#8217;utilisateur sera inform\u00e9 de la ou des finalit\u00e9s sp\u00e9cifiques du traitement auquel les donn\u00e9es personnelles seront utilis\u00e9es ; c&#8217;est-\u00e0-dire l&#8217;utilisation ou les utilisations qui seront faites des informations collect\u00e9es.<\/p>\n<h4>Dur\u00e9es de conservation des donn\u00e9es personnelles<\/h4>\n<p>Les donn\u00e9es personnelles ne seront conserv\u00e9es que pendant le temps minimum n\u00e9cessaire aux finalit\u00e9s de leur traitement et, en tout \u00e9tat de cause, uniquement pendant la dur\u00e9e suivante : , ou jusqu&#8217;\u00e0 ce que l&#8217;Utilisateur en demande la suppression.<\/p>\n<p>Au moment de l&#8217;obtention des donn\u00e9es personnelles, l&#8217;Utilisateur sera inform\u00e9 de la dur\u00e9e pendant laquelle les donn\u00e9es personnelles seront conserv\u00e9es ou, lorsque cela n&#8217;est pas possible, des crit\u00e8res utilis\u00e9s pour d\u00e9terminer cette dur\u00e9e.<\/p>\n<h4>Destinataires des donn\u00e9es personnelles<\/h4>\n<p>Les donn\u00e9es personnelles de l&#8217;Utilisateur ne seront pas partag\u00e9es avec des tiers.<\/p>\n<p>Dans tous les cas, au moment de l&#8217;obtention des donn\u00e9es personnelles, l&#8217;utilisateur sera inform\u00e9 des destinataires ou des cat\u00e9gories de destinataires des donn\u00e9es personnelles.<\/p>\n<h4>Donn\u00e9es personnelles des mineurs<\/h4>\n<p>Dans le respect des dispositions des articles 8 du RGPD et 7 de la loi organique 3\/2018 du 5 d\u00e9cembre sur la protection des donn\u00e9es personnelles et la garantie des droits num\u00e9riques, seules les personnes \u00e2g\u00e9es de plus de 14 ans peuvent donner leur consentement pour le traitement de vos donn\u00e9es. donn\u00e9es personnelles l\u00e9galement par Visit GastroH!. S&#8217;il s&#8217;agit d&#8217;un mineur de moins de 14 ans, le consentement des parents ou tuteurs sera n\u00e9cessaire pour le traitement, et celui-ci ne sera consid\u00e9r\u00e9 comme licite que dans la mesure o\u00f9 ils l&#8217;ont autoris\u00e9.<\/p>\n<h4>Confidentialit\u00e9 et s\u00e9curit\u00e9 des donn\u00e9es personnelles<\/h4>\n<p>Visitez GastroOH! s&#8217;engage \u00e0 adopter les mesures techniques et organisationnelles n\u00e9cessaires, selon le niveau de s\u00e9curit\u00e9 appropri\u00e9 au risque des donn\u00e9es collect\u00e9es, de mani\u00e8re \u00e0 garantir la s\u00e9curit\u00e9 des donn\u00e9es personnelles et \u00e0 \u00e9viter la destruction, la perte ou l&#8217;alt\u00e9ration accidentelle ou illicite des donn\u00e9es personnelles transmises , stock\u00e9es ou autrement trait\u00e9es, ou la communication ou l&#8217;acc\u00e8s non autoris\u00e9 \u00e0 ces donn\u00e9es.<\/p>\n<p>Le site Web dispose d&#8217;un certificat SSL (Secure Socket Layer), qui garantit que les donn\u00e9es personnelles sont transmises de mani\u00e8re s\u00e9curis\u00e9e et confidentielle, car la transmission des donn\u00e9es entre le serveur et l&#8217;utilisateur, et en retour, est enti\u00e8rement crypt\u00e9e ou crypt\u00e9e. .<\/p>\n<p>Cependant, parce que Visit GastroH! ne peut garantir l&#8217;inviolabilit\u00e9 d&#8217;Internet ou l&#8217;absence totale de pirates ou d&#8217;autres personnes acc\u00e9dant frauduleusement aux donn\u00e9es personnelles, le Responsable du traitement s&#8217;engage \u00e0 informer l&#8217;Utilisateur sans retard injustifi\u00e9 en cas de survenance d&#8217;une faille de s\u00e9curit\u00e9 des donn\u00e9es personnelles susceptible d&#8217;entra\u00eener un risque \u00e9lev\u00e9 pour les droits et libert\u00e9s des personnes physiques. Conform\u00e9ment aux dispositions de l&#8217;article 4 du RGPD, une violation de la s\u00e9curit\u00e9 des donn\u00e9es personnelles s&#8217;entend de toute violation de la s\u00e9curit\u00e9 qui entra\u00eene la destruction, la perte ou l&#8217;alt\u00e9ration accidentelle ou illicite des donn\u00e9es personnelles transmises, stock\u00e9es ou autrement trait\u00e9es, ou la communication non autoris\u00e9e ou l&#8217;acc\u00e8s \u00e0 ces donn\u00e9es.<\/p>\n<p>Les donn\u00e9es personnelles seront trait\u00e9es de mani\u00e8re confidentielle par le Responsable du traitement, qui s&#8217;engage \u00e0 signaler et \u00e0 garantir par une obligation l\u00e9gale ou contractuelle que ladite confidentialit\u00e9 est respect\u00e9e par ses employ\u00e9s, collaborateurs, et toute personne \u00e0 qui il rend accessible les informations.<\/p>\n<h4>Droits d\u00e9riv\u00e9s du traitement des donn\u00e9es personnelles<\/h4>\n<p>L&#8217;Utilisateur a \u00e0 propos de Visit GastroH! et peut, par cons\u00e9quent, exercer les droits suivants reconnus dans le RGPD et la loi organique 3\/2018, du 5 d\u00e9cembre, sur la protection des donn\u00e9es personnelles et la garantie des droits num\u00e9riques :<\/p>\n<ul>\n<li>Droit d&#8217;acc\u00e8s : L&#8217;Utilisateur a le droit d&#8217;obtenir la confirmation que Visit GastroH! traite ou non vos donn\u00e9es personnelles et, le cas \u00e9ch\u00e9ant, obtenir des informations sur vos donn\u00e9es personnelles sp\u00e9cifiques et le traitement que Visit GastroH! a effectu\u00e9 ou est en train d&#8217;effectuer, ainsi que, entre autres, les informations disponibles sur l&#8217;origine desdites donn\u00e9es et les destinataires des communications effectu\u00e9es ou pr\u00e9vues \u00e0 leur intention.<\/li>\n<li>Droit de rectification : L&#8217;Utilisateur a le droit de modifier ses donn\u00e9es personnelles qui s&#8217;av\u00e8rent inexactes ou, compte tenu des finalit\u00e9s du traitement, incompl\u00e8tes.<\/li>\n<li>Droit de suppression (&#8220;le droit \u00e0 l&#8217;oubli&#8221;) : C&#8217;est le droit de l&#8217;Utilisateur, \u00e0 condition que la l\u00e9gislation en vigueur n&#8217;en dispose pas autrement, d&#8217;obtenir la suppression de ses donn\u00e9es personnelles lorsqu&#8217;elles ne sont plus n\u00e9cessaires aux fins pour lesquelles elles ont \u00e9t\u00e9 collect\u00e9s ou trait\u00e9s; l&#8217;Utilisateur a retir\u00e9 son consentement au traitement et cela n&#8217;a pas d&#8217;autre base l\u00e9gale ; l&#8217;Utilisateur s&#8217;oppose au traitement et il n&#8217;y a pas d&#8217;autre motif l\u00e9gitime pour le poursuivre ; les donn\u00e9es personnelles ont \u00e9t\u00e9 trait\u00e9es ill\u00e9galement ; les donn\u00e9es personnelles doivent \u00eatre supprim\u00e9es conform\u00e9ment \u00e0 une obligation l\u00e9gale ; ou les donn\u00e9es personnelles ont \u00e9t\u00e9 obtenues \u00e0 la suite d&#8217;une offre directe de services de la soci\u00e9t\u00e9 de l&#8217;information \u00e0 un enfant de moins de 14 ans. Outre la suppression des donn\u00e9es, le responsable du traitement, compte tenu de la technologie disponible et du co\u00fbt de son application, doit prendre des mesures raisonnables pour informer les responsables du traitement des donn\u00e9es personnelles de la demande de l&#8217;int\u00e9ress\u00e9 de supprimer tout lien vers ces donn\u00e9es personnelles.<\/li>\n<li>Droit \u00e0 la limitation du traitement : L&#8217;Utilisateur a le droit de limiter le traitement de ses donn\u00e9es personnelles. L&#8217;Utilisateur a le droit d&#8217;obtenir la limitation du traitement lorsqu&#8217;il conteste l&#8217;exactitude de ses donn\u00e9es personnelles ; le traitement est ill\u00e9gal ; le responsable du traitement n&#8217;a plus besoin des donn\u00e9es personnelles, mais l&#8217;utilisateur en a besoin pour faire des r\u00e9clamations ; et lorsque l&#8217;Utilisateur s&#8217;est oppos\u00e9 au traitement.<\/li>\n<li>Droit \u00e0 la portabilit\u00e9 des donn\u00e9es : dans le cas o\u00f9 le traitement est effectu\u00e9 par des moyens automatis\u00e9s, l&#8217;utilisateur a le droit de recevoir du responsable du traitement ses donn\u00e9es personnelles dans un format structur\u00e9, couramment utilis\u00e9 et lisible par machine, et de les transmettre \u00e0 un autre responsable du traitement. Chaque fois que cela est techniquement possible, le responsable du traitement transmettra les donn\u00e9es directement \u00e0 cet autre responsable du traitement.<\/li>\n<li>Droit d&#8217;opposition : L&#8217;Utilisateur a le droit de ne pas proc\u00e9der au traitement de ses donn\u00e9es personnelles ou d&#8217;en faire cesser le traitement par Visit GastrOH!.<\/li>\n<li>Droit de ne pas faire l&#8217;objet d&#8217;une d\u00e9cision fond\u00e9e uniquement sur un traitement automatis\u00e9, y compris le profilage : Il est du droit de l&#8217;Utilisateur de ne pas faire l&#8217;objet d&#8217;une d\u00e9cision individualis\u00e9e fond\u00e9e uniquement sur le traitement automatis\u00e9 de ses donn\u00e9es personnelles, y compris le profilage, existant \u00e0 moins d&#8217;\u00eatre actuel la l\u00e9gislation en dispose autrement.<\/li>\n<\/ul>\n<p>Ainsi, l&#8217;Utilisateur peut exercer ses droits par une communication \u00e9crite adress\u00e9e au Responsable du traitement avec la r\u00e9f\u00e9rence \u00ab RGPD-https:\/\/www.visitgastroh.com\/ \u00bb, en pr\u00e9cisant :<\/p>\n<ul>\n<li>Nom, pr\u00e9noms de l&#8217;Utilisateur et copie du DNI. Dans les cas o\u00f9 la repr\u00e9sentation est admise, l&#8217;identification par le m\u00eame moyen de la personne repr\u00e9sentant l&#8217;Utilisateur sera \u00e9galement n\u00e9cessaire, ainsi que le document accr\u00e9ditant la repr\u00e9sentation. La photocopie du DNI peut \u00eatre remplac\u00e9e par tout autre moyen juridiquement valable prouvant l&#8217;identit\u00e9.<\/li>\n<li>Demande avec les raisons sp\u00e9cifiques de la demande ou les informations auxquelles vous souhaitez acc\u00e9der.<\/li>\n<li>Adresse \u00e0 des fins de notification.<\/li>\n<li>Date et signature du demandeur.<\/li>\n<li>Tout document accr\u00e9ditant la demande effectu\u00e9e.<\/li>\n<\/ul>\n<p>Cette candidature et tout autre document joint peuvent \u00eatre envoy\u00e9s \u00e0 l&#8217;adresse et\/ou au courrier \u00e9lectronique suivants :<\/p>\n<p>&nbsp;<\/p>\n<p>Adresse postale:<\/p>\n<p>Courriel : info@www.visitgastroh.com<\/p>\n<h4>Liens vers des sites Web tiers<\/h4>\n<p>Le site Web peut inclure des hyperliens ou des liens qui permettent d&#8217;acc\u00e9der \u00e0 des sites Web de tiers autres que Visit GastrOH!, et ne sont donc pas exploit\u00e9s par Visit GastrOH!. Les propri\u00e9taires de ces sites Web auront leurs propres politiques de protection des donn\u00e9es, \u00e9tant eux-m\u00eames, dans chaque cas, responsables de leurs propres fichiers et de leurs propres pratiques de confidentialit\u00e9.<\/p>\n<h4>R\u00e9clamations devant l&#8217;autorit\u00e9 de contr\u00f4le<\/h4>\n<p>Dans le cas o\u00f9 l&#8217;Utilisateur estimerait qu&#8217;il existe un probl\u00e8me ou une infraction \u00e0 la r\u00e9glementation en vigueur dans la mani\u00e8re dont ses donn\u00e9es personnelles sont trait\u00e9es, il aura droit \u00e0 une protection juridictionnelle effective et \u00e0 d\u00e9poser une r\u00e9clamation aupr\u00e8s d&#8217;une autorit\u00e9 de contr\u00f4le, notamment , dans l&#8217;\u00c9tat dans lequel vous avez votre r\u00e9sidence habituelle, votre lieu de travail ou le lieu de l&#8217;infraction all\u00e9gu\u00e9e. Dans le cas de l&#8217;Espagne, l&#8217;autorit\u00e9 de contr\u00f4le est l&#8217;Agence espagnole de protection des donn\u00e9es (http:\/\/www.agpd.es).<\/p>\n<h3>II. ACCEPTATION ET MODIFICATIONS DE CETTE POLITIQUE DE CONFIDENTIALIT\u00c9<\/h3>\n<p>Il est n\u00e9cessaire que l&#8217;utilisateur ait lu et accepte les conditions de protection des donn\u00e9es personnelles contenues dans la pr\u00e9sente politique de confidentialit\u00e9, ainsi qu&#8217;il accepte le traitement de ses donn\u00e9es personnelles afin que le responsable du traitement puisse proc\u00e9der \u00e0 la m\u00eame chose dans le formulaire, pendant les p\u00e9riodes et aux fins indiqu\u00e9es. L&#8217;utilisation du site Web impliquera l&#8217;acceptation de sa politique de confidentialit\u00e9.<\/p>\n<p>Visitez GastroOH! se r\u00e9serve le droit de modifier sa politique de confidentialit\u00e9, selon ses propres crit\u00e8res, ou motiv\u00e9e par un changement l\u00e9gislatif, jurisprudentiel ou doctrinal de l&#8217;Agence espagnole de protection des donn\u00e9es. Les modifications ou mises \u00e0 jour de cette politique de confidentialit\u00e9 ne seront pas explicitement notifi\u00e9es \u00e0 l&#8217;utilisateur. Il est recommand\u00e9 \u00e0 l&#8217;Utilisateur de consulter p\u00e9riodiquement cette page pour \u00eatre au courant des derni\u00e8res modifications ou mises \u00e0 jour.<\/p>\n<p>Cette politique de confidentialit\u00e9 a \u00e9t\u00e9 mise \u00e0 jour pour s&#8217;adapter au r\u00e8glement (UE) 2016\/679 du Parlement europ\u00e9en et du Conseil du 27 avril 2016 relatif \u00e0 la protection des personnes physiques \u00e0 l&#8217;\u00e9gard du traitement des donn\u00e9es \u00e0 caract\u00e8re personnel et \u00e0 la libre circulation de celles-ci. donn\u00e9es personnelles (RGPD) et la loi organique 3\/2018, du 5 d\u00e9cembre, sur la protection des donn\u00e9es personnelles et la garantie des droits num\u00e9riques.<\/p>\n","protected":false},"excerpt":{"rendered":"<p>POLITIQUE DE CONFIDENTIALIT\u00c9 DU SITE WEB https:\/\/www.visitgastroh.com\/ I. POLITIQUE DE CONFIDENTIALIT\u00c9 ET PROTECTION DES DONN\u00c9ES Dans le respect des dispositions de la l\u00e9gislation en vigueur, Visitez GastroOH! (ci-apr\u00e8s, \u00e9galement Site&#8230;<\/p>\n","protected":false},"author":1,"featured_media":0,"parent":0,"menu_order":0,"comment_status":"closed","ping_status":"closed","template":"","meta":{"footnotes":""},"class_list":["post-14275","page","type-page","status-publish"],"_links":{"self":[{"href":"https:\/\/www.visitgastroh.com\/fr\/wp-json\/wp\/v2\/pages\/14275","targetHints":{"allow":["GET"]}}],"collection":[{"href":"https:\/\/www.visitgastroh.com\/fr\/wp-json\/wp\/v2\/pages"}],"about":[{"href":"https:\/\/www.visitgastroh.com\/fr\/wp-json\/wp\/v2\/types\/page"}],"author":[{"embeddable":true,"href":"https:\/\/www.visitgastroh.com\/fr\/wp-json\/wp\/v2\/users\/1"}],"replies":[{"embeddable":true,"href":"https:\/\/www.visitgastroh.com\/fr\/wp-json\/wp\/v2\/comments?post=14275"}],"version-history":[{"count":0,"href":"https:\/\/www.visitgastroh.com\/fr\/wp-json\/wp\/v2\/pages\/14275\/revisions"}],"wp:attachment":[{"href":"https:\/\/www.visitgastroh.com\/fr\/wp-json\/wp\/v2\/media?parent=14275"}],"curies":[{"name":"wp","href":"https:\/\/api.w.org\/{rel}","templated":true}]}}