{"id":14274,"date":"2022-01-18T15:19:58","date_gmt":"2022-01-18T14:19:58","guid":{"rendered":"https:\/\/www.visitgastroh.com\/politica-de-cookies\/"},"modified":"2022-04-21T08:33:46","modified_gmt":"2022-04-21T06:33:46","slug":"politique-de-cookies","status":"publish","type":"page","link":"https:\/\/www.visitgastroh.com\/fr\/politique-de-cookies\/","title":{"rendered":"Politique de cookies"},"content":{"rendered":"<p>Des cookies tiers et propres sont utilis\u00e9s sur ce site pour vous garantir une meilleure exp\u00e9rience de navigation, vous permettre de partager du contenu sur les r\u00e9seaux sociaux et pour que nous puissions obtenir des statistiques d&#8217;utilisation.<\/p>\n<p>Vous pouvez emp\u00eacher le t\u00e9l\u00e9chargement de cookies via la configuration de votre navigateur, emp\u00eachant ainsi le stockage de cookies sur votre appareil.<\/p>\n<p>En tant que propri\u00e9taire de ce site, je vous informe que nous n&#8217;utilisons aucune information personnelle issue des cookies, nous ne faisons que des statistiques g\u00e9n\u00e9rales de visites qui n&#8217;impliquent aucune information personnelle.<\/p>\n<p>Il est tr\u00e8s important que vous lisiez cette politique de cookies et compreniez que, si vous continuez \u00e0 naviguer, nous consid\u00e9rerons que vous acceptez son utilisation.<\/p>\n<p>Selon les termes inclus dans l&#8217;article 22.2 de la loi 34\/2002 sur les services de la soci\u00e9t\u00e9 de l&#8217;information et du commerce \u00e9lectronique, si vous continuez \u00e0 naviguer, vous donnerez votre consentement pour l&#8217;utilisation des m\u00e9canismes susmentionn\u00e9s.<\/p>\n<h4>Entit\u00e9 responsable<\/h4>\n<p>L&#8217;entit\u00e9 responsable de la collecte, du traitement et de l&#8217;utilisation de vos donn\u00e9es personnelles, au sens \u00e9tabli par la loi sur la protection des donn\u00e9es personnelles, est la page Visit GastrOH, propri\u00e9t\u00e9 de GATURI \u2013 .<\/p>\n<h4>Que sont les cookies ?<\/h4>\n<p>Les cookies sont un ensemble de donn\u00e9es qu&#8217;un serveur d\u00e9pose dans le navigateur de l&#8217;utilisateur pour collecter des informations d&#8217;enregistrement Internet standard et des informations sur le comportement des visiteurs d&#8217;un site Web. En d&#8217;autres termes, ce sont de petits fichiers texte qui sont stock\u00e9s sur le disque dur de l&#8217;ordinateur et qui servent \u00e0 identifier l&#8217;utilisateur lorsqu&#8217;il se connecte \u00e0 nouveau au site Web. Il a pour but d&#8217;enregistrer la visite de l&#8217;utilisateur et de sauvegarder certaines informations. Son utilisation est courante et fr\u00e9quente sur le Web car elle permet aux pages de fonctionner plus efficacement et d&#8217;obtenir une plus grande personnalisation et analyse du comportement des utilisateurs.<\/p>\n<h4>Quels types de cookies existent ?<\/h4>\n<p>Les cookies utilis\u00e9s sur notre site Web sont des cookies de session et de tiers, et nous permettent de stocker et d&#8217;acc\u00e9der \u00e0 des informations relatives \u00e0 la langue, au type de navigateur utilis\u00e9 et \u00e0 d&#8217;autres caract\u00e9ristiques g\u00e9n\u00e9rales pr\u00e9d\u00e9finies par l&#8217;utilisateur, ainsi que de surveiller et d&#8217;analyser le activit\u00e9 qu&#8217;il exerce, afin d&#8217;introduire des am\u00e9liorations et de fournir nos services de mani\u00e8re plus efficace et personnalis\u00e9e.<\/p>\n<p>Les cookies, selon leur permanence, peuvent \u00eatre divis\u00e9s en cookies de session ou permanents. Ceux qui expirent lorsque l&#8217;utilisateur ferme le navigateur. Ceux qui expirent en fonction du moment o\u00f9 l&#8217;objectif pour lequel ils servent est atteint (par exemple, pour que l&#8217;utilisateur reste identifi\u00e9 dans les services GATURI) ou lorsqu&#8217;ils sont supprim\u00e9s manuellement.<\/p>\n<table>\n<tbody>\n<tr>\n<td>Nom<\/td>\n<td>Type<\/td>\n<td>Expiration<\/td>\n<td>Objectif<\/td>\n<td>Classe<\/td>\n<\/tr>\n<tr>\n<td>__utma<\/td>\n<td>De Tiers (Google Analytics)<\/td>\n<td>2 ans<\/td>\n<td>Il est utilis\u00e9 pour distinguer les utilisateurs et les sessions.<\/td>\n<td>Non exempt\u00e9<\/td>\n<\/tr>\n<tr>\n<td>__utmb<\/td>\n<td>De Tiers (Google Analytics)<\/td>\n<td>30 minutes<\/td>\n<td>Utilis\u00e9 pour d\u00e9terminer de nouvelles sessions ou visites<\/td>\n<td>Non exempt\u00e9<\/td>\n<\/tr>\n<tr>\n<td>__utmc<\/td>\n<td>De Tiers (Google Analytics)<\/td>\n<td>\u00c0 la fin de la session<\/td>\n<td>Il est configur\u00e9 pour \u00eatre utilis\u00e9 avec Urchin<\/td>\n<td>Non exempt\u00e9<\/td>\n<\/tr>\n<tr>\n<td>__utmz<\/td>\n<td>De Tiers (Google Analytics)<\/td>\n<td>6 mois<\/td>\n<td>Stocke l&#8217;origine ou la campagne qui explique comment l&#8217;utilisateur a atteint le site Web<\/td>\n<td>Non exempt\u00e9<\/td>\n<\/tr>\n<\/tbody>\n<\/table>\n<p>De plus, selon leur finalit\u00e9, les cookies peuvent \u00eatre class\u00e9s comme suit :<\/p>\n<h4>Cookies de performance<\/h4>\n<p>Ce type de cookie m\u00e9morise vos pr\u00e9f\u00e9rences pour les outils trouv\u00e9s dans les services, vous n&#8217;avez donc pas \u00e0 reconfigurer le service \u00e0 chaque visite. A titre d&#8217;exemple, cette typologie comprend : Les r\u00e9glages de volume des lecteurs vid\u00e9o ou audio. Les vitesses de transmission vid\u00e9o compatibles avec votre navigateur. Objets stock\u00e9s dans le &#8220;panier&#8221; dans les services de commerce \u00e9lectronique tels que les magasins.<\/p>\n<h4>Cookies de g\u00e9olocalisation<\/h4>\n<p>Ces cookies sont utilis\u00e9s pour savoir dans quel pays vous vous trouvez lorsqu&#8217;un service est demand\u00e9. Ce cookie est totalement anonyme et n&#8217;est utilis\u00e9 que pour aider \u00e0 cibler le contenu sur votre emplacement.<\/p>\n<h4>Cookies d&#8217;enregistrement<\/h4>\n<p>Les cookies d&#8217;enregistrement sont g\u00e9n\u00e9r\u00e9s une fois que l&#8217;utilisateur s&#8217;est enregistr\u00e9 ou a ouvert ult\u00e9rieurement sa session, et sont utilis\u00e9s pour l&#8217;identifier dans les services avec les objectifs suivants :<\/p>\n<p>Maintenir l&#8217;utilisateur identifi\u00e9 de mani\u00e8re \u00e0 ce que, s&#8217;il ferme un service, le navigateur ou l&#8217;ordinateur et \u00e0 un autre moment ou un autre jour entre \u00e0 nouveau dans ledit service, il continuera \u00e0 \u00eatre identifi\u00e9, facilitant ainsi sa navigation sans avoir \u00e0 s&#8217;identifier de nouveau. Cette fonctionnalit\u00e9 peut \u00eatre supprim\u00e9e si l&#8217;utilisateur appuie sur la fonctionnalit\u00e9 [fermer la session], de sorte que ce cookie est supprim\u00e9 et la prochaine fois que l&#8217;utilisateur entrera dans le service, il devra se connecter pour \u00eatre identifi\u00e9.<\/p>\n<p>V\u00e9rifiez si l&#8217;utilisateur est autoris\u00e9 \u00e0 acc\u00e9der \u00e0 certains services, par exemple pour participer \u00e0 un concours.<\/p>\n<p>De plus, certains services peuvent utiliser des connecteurs avec des r\u00e9seaux sociaux tels que Facebook ou Twitter. Lorsque l&#8217;utilisateur s&#8217;inscrit \u00e0 un service avec des informations d&#8217;identification d&#8217;un r\u00e9seau social, il autorise le r\u00e9seau social \u00e0 stocker un cookie persistant qui m\u00e9morise son identit\u00e9 et lui donne acc\u00e8s aux services jusqu&#8217;\u00e0 son expiration. L&#8217;utilisateur peut supprimer ce cookie et r\u00e9voquer l&#8217;acc\u00e8s aux services via les r\u00e9seaux sociaux en mettant \u00e0 jour ses pr\u00e9f\u00e9rences dans le r\u00e9seau social sp\u00e9cifique.<\/p>\n<h4>Cookies analytiques<\/h4>\n<p>Chaque fois qu&#8217;un utilisateur visite un service, un outil d&#8217;un fournisseur externe g\u00e9n\u00e8re un cookie analytique sur l&#8217;ordinateur de l&#8217;utilisateur. Ce cookie, qui n&#8217;est g\u00e9n\u00e9r\u00e9 que lors de la visite, servira lors des visites futures aux services GATURI pour identifier anonymement le visiteur. Les principaux objectifs poursuivis sont :<\/p>\n<p>Permettre l&#8217;identification anonyme des utilisateurs naviguant via le cookie (identifie les navigateurs et les appareils, pas les personnes) et donc la comptabilisation approximative du nombre de visiteurs et de leur \u00e9volution dans le temps.<br \/>\nIdentifiez de mani\u00e8re anonyme le contenu le plus visit\u00e9 et donc plus attractif pour les utilisateurs. Sachez si l&#8217;utilisateur qui acc\u00e8de est une nouvelle visite ou une visite r\u00e9p\u00e9t\u00e9e.<\/p>\n<p>Important : Sauf si l&#8217;utilisateur d\u00e9cide de s&#8217;inscrire \u00e0 un service GATURI, le cookie ne sera jamais associ\u00e9 \u00e0 des donn\u00e9es personnelles permettant de l&#8217;identifier. Ces cookies ne seront utilis\u00e9s qu&#8217;\u00e0 des fins statistiques permettant d&#8217;optimiser l&#8217;exp\u00e9rience utilisateur sur le site.<\/p>\n<h4>Cookies publicitaires<\/h4>\n<p>Ce type de cookie permet d&#8217;\u00e9largir les informations des publicit\u00e9s pr\u00e9sent\u00e9es \u00e0 chaque utilisateur anonyme des services GATURI. Entre autres, la dur\u00e9e ou la fr\u00e9quence d&#8217;affichage des positions publicitaires, l&#8217;interaction avec celles-ci, ou les mod\u00e8les de navigation et\/ou les comportements des utilisateurs sont stock\u00e9s, car ils aident \u00e0 former un profil d&#8217;int\u00e9r\u00eat publicitaire. De cette mani\u00e8re, ils nous permettent de proposer des publicit\u00e9s li\u00e9es aux centres d&#8217;int\u00e9r\u00eat de l&#8217;utilisateur.<\/p>\n<h4>Cookies publicitaires tiers<\/h4>\n<p>En plus de la publicit\u00e9 g\u00e9r\u00e9e par les sites Web GATURI dans leurs services, les sites Web GATURI offrent \u00e0 leurs annonceurs la possibilit\u00e9 de diffuser des annonces par l&#8217;interm\u00e9diaire de tiers (&#8220;Ad-Servers&#8221;). De cette mani\u00e8re, ces tiers peuvent stocker les cookies envoy\u00e9s par les services GATURI \u00e0 partir des navigateurs des utilisateurs, ainsi qu&#8217;acc\u00e9der aux donn\u00e9es qui y sont stock\u00e9es.<\/p>\n<p>Les entreprises qui g\u00e9n\u00e8rent ces cookies ont leurs propres politiques de confidentialit\u00e9. Actuellement, les sites Web de GATURI utilisent la plate-forme Doubleclick (Google) pour g\u00e9rer ces services. Pour plus d&#8217;informations, rendez-vous sur<\/p>\n<p><a href=\"http:\/\/www.google.es\/policies\/privacy\/ads\/#toc-doubleclick\" target=\"_blank\" rel=\"noopener\">http:\/\/www.google.es\/policies\/privacy\/ads\/#toc-doubleclick<\/a> et <a href=\"http:\/\/www.google.es\/policies\/privacy\/ads\/\" target=\"_blank\" rel=\"noopener\">http:\/\/www.google.es\/policies\/privacy\/ads\/<\/a>.<\/p>\n<h4>Comment puis-je d\u00e9sactiver les cookies dans mon navigateur ?<\/h4>\n<p>Les diff\u00e9rents navigateurs peuvent \u00eatre configur\u00e9s pour avertir l&#8217;utilisateur de la r\u00e9ception de cookies et, s&#8217;il le souhaite, emp\u00eacher leur installation sur l&#8217;ordinateur. De m\u00eame, l&#8217;utilisateur peut v\u00e9rifier dans son navigateur quels cookies il a install\u00e9s et quelle est leur dur\u00e9e d&#8217;expiration, en pouvant les \u00e9liminer.<\/p>\n<p>Pour plus d&#8217;informations, consultez les instructions et les manuels de votre navigateur :<\/p>\n<p>Pour plus d&#8217;informations sur la gestion des cookies dans Google Chrome : <a href=\"https:\/\/support.google.com\/chrome\/answer\/95647?hl=fr\" target=\"_blank\" rel=\"noopener\">https:\/\/support.google.com\/chrome\/answer\/95647?hl=fr<\/a><\/p>\n<p>Pour plus d&#8217;informations sur la gestion des cookies dans Internet Explorer : <a href=\"http:\/\/windows.microsoft.com\/fr-fr\/windows-vista\/cookies-frequently-asked-questions\" target=\"_blank\" rel=\"noopener\">http:\/\/windows.microsoft.com\/fr-fr\/windows-vista\/cookies-frequently-asked-questions<\/a><\/p>\n<p>Pour plus d&#8217;informations sur la gestion des cookies dans Mozilla Firefox : <a href=\"http:\/\/support.mozilla.org\/es\/kb\/habilitar-y-deshabilitar-cookies-que-los-sitios-web\" target=\"_blank\" rel=\"noopener\">http:\/\/support.mozilla.org\/es\/kb\/habilitar-y-deshabilitar-cookies-que-los-sitios-web<\/a><\/p>\n<p>Pour plus d&#8217;informations sur la gestion des cookies dans Safari : <a href=\"http:\/\/www.apple.com\/es\/privacy\/use-of-cookies\/\" target=\"_blank\" rel=\"noopener\">http:\/\/www.apple.com\/es\/privacy\/use-of-cookies\/<\/a><\/p>\n<p>Pour plus d&#8217;informations sur la gestion des cookies dans Opera : <a href=\"http:\/\/help.opera.com\/Windows\/11.50\/fr-FR\/cookies.html\" target=\"_blank\" rel=\"noopener\">http:\/\/help.opera.com\/Windows\/11.50\/fr-FR\/cookies.html<\/a><\/p>\n<p><a href=\"http:\/\/help.opera.com\/Windows\/11.50\/fr-FR\/cookies.html\">http:\/\/help.opera.com\/Windows\/11.50\/fr-FR\/cookies.html<\/a><\/p>\n<p>Si vous souhaitez ne plus \u00eatre suivi par Google Analytics, visitez : <a href=\"http:\/\/tools.google.com\/dlpage\/gaoptout\" target=\"_blank\" rel=\"noopener\">http:\/\/tools.google.com\/dlpage\/gaoptout<\/a><\/p>\n<h4>En savoir plus sur les cookies<\/h4>\n<p>Vous pouvez obtenir plus d&#8217;informations sur la publicit\u00e9 en ligne bas\u00e9e sur le comportement et la confidentialit\u00e9 en ligne sur le lien suivant : <a href=\"http:\/\/www.youronlinechoices.com\/fr\/\" target=\"_blank\" rel=\"noopener\">http:\/\/www.youronlinechoices.com\/fr\/<\/a><\/p>\n<p>Protection des donn\u00e9es Google Analytics : <a href=\"http:\/\/www.google.com\/analytics\/learn\/privacy.html\" target=\"_blank\" rel=\"noopener\">http:\/\/www.google.com\/analytics\/learn\/privacy.html<\/a><\/p>\n<p>Comment Google Analytics utilise les cookies : <a href=\"https:\/\/developers.google.com\/analytics\/devguides\/collection\/analyticsjs\/cookie-usage?hl=fr#analyticsjs\" target=\"_blank\" rel=\"noopener\">https:\/\/developers.google.com\/analytics\/devguides\/collection\/analyticsjs\/cookie-usage?hl=fr#analyticsjs<\/a><\/p>\n<h4>Mises \u00e0 jour et modifications de la politique de confidentialit\u00e9 \/ cookies<\/h4>\n<p>Les sites Web de GATURI peuvent modifier cette politique de cookies en fonction d&#8217;exigences l\u00e9gislatives ou r\u00e9glementaires, ou afin d&#8217;adapter ladite politique aux instructions \u00e9mises par l&#8217;Agence espagnole de protection des donn\u00e9es, il est donc conseill\u00e9 aux utilisateurs de la visiter p\u00e9riodiquement. .<\/p>\n<p>Lorsque des modifications importantes se produisent dans cette politique de cookies, celles-ci seront communiqu\u00e9es aux utilisateurs soit via le Web, soit par e-mail aux utilisateurs enregistr\u00e9s.<\/p>\n<p>&nbsp;<\/p>\n","protected":false},"excerpt":{"rendered":"<p>Des cookies tiers et propres sont utilis\u00e9s sur ce site pour vous garantir une meilleure exp\u00e9rience de navigation, vous permettre de partager du contenu sur les r\u00e9seaux sociaux et pour&#8230;<\/p>\n","protected":false},"author":1,"featured_media":0,"parent":0,"menu_order":0,"comment_status":"closed","ping_status":"closed","template":"","meta":{"footnotes":""},"class_list":["post-14274","page","type-page","status-publish"],"_links":{"self":[{"href":"https:\/\/www.visitgastroh.com\/fr\/wp-json\/wp\/v2\/pages\/14274","targetHints":{"allow":["GET"]}}],"collection":[{"href":"https:\/\/www.visitgastroh.com\/fr\/wp-json\/wp\/v2\/pages"}],"about":[{"href":"https:\/\/www.visitgastroh.com\/fr\/wp-json\/wp\/v2\/types\/page"}],"author":[{"embeddable":true,"href":"https:\/\/www.visitgastroh.com\/fr\/wp-json\/wp\/v2\/users\/1"}],"replies":[{"embeddable":true,"href":"https:\/\/www.visitgastroh.com\/fr\/wp-json\/wp\/v2\/comments?post=14274"}],"version-history":[{"count":0,"href":"https:\/\/www.visitgastroh.com\/fr\/wp-json\/wp\/v2\/pages\/14274\/revisions"}],"wp:attachment":[{"href":"https:\/\/www.visitgastroh.com\/fr\/wp-json\/wp\/v2\/media?parent=14274"}],"curies":[{"name":"wp","href":"https:\/\/api.w.org\/{rel}","templated":true}]}}